{"id":644,"date":"2019-03-09T20:34:11","date_gmt":"2019-03-09T19:34:11","guid":{"rendered":"https:\/\/www.tuvok.eu\/?page_id=644"},"modified":"2026-01-29T07:56:13","modified_gmt":"2026-01-29T06:56:13","slug":"meine-referenzen","status":"publish","type":"page","link":"https:\/\/www.tuvok.eu\/?page_id=644","title":{"rendered":"Meine Referenzen"},"content":{"rendered":"<div id=\"fb-root\"><\/div>\n<p>Hier sehen Sie einen Auszug aus den <strong>Referenzen<\/strong> meiner Wenigkeit. Alle Referenz stammen von Events \/ Festivals \/ Partyfotografie oder Shootings. Bitte haben Sie  Verst\u00e4ndnis daf\u00fcr, dass ich hier nicht alle meine Referenzen aufz\u00e4hlen kann.<\/p>\n<h2 class=\"wp-block-heading\">Festivals<\/h2>\n<ul class=\"wp-block-list\">\n<li>Open-Flair Festival (11 Jahre)<\/li>\n<li>Holi Farbgef\u00fchle &#8211; Erfurt <\/li>\n<li>Holi Fest der Farben &#8211; Kassel<\/li>\n<li>Holi Farbrausch &#8211; Hannover<\/li>\n<li>Holi Farbrausch &#8211; G\u00f6ttingen<\/li>\n<li>Rock for Toleranz &#8211; Hann M\u00fcnden<\/li>\n<li>Holle Rock &#8211; Hessisch Lichtenau <\/li>\n<li>Haune Rock &#8211; Odensachsen (2023-2025)<\/li>\n<\/ul>\n<hr class=\"wp-block-separator has-alpha-channel-opacity\"\/>\n<h2 class=\"wp-block-heading\">Disco \/ Events<\/h2>\n<ul class=\"wp-block-list\">\n<li>Portrait &#8211; Schuppen (Waldkappel) (Hausfotoraf)<\/li>\n<li>MAD (Eisenach)<\/li>\n<li>Club-Night (Eisenach) (Hausfotograf)<\/li>\n<li>Hippo (Bebra)<\/li>\n<li>Las Vegas (Rotenburg a.d.F.)<\/li>\n<li>viel Kirmes Fotografie im Umkreis von 80km<\/li>\n<\/ul>\n<hr class=\"wp-block-separator has-alpha-channel-opacity\"\/>\n<h4 class=\"wp-block-heading\">Stadt Sontra <\/h4>\n<ul class=\"wp-block-list\">\n<li>Comedy Night <\/li>\n<li>Street Food Festival<\/li>\n<li>Breitwiesen<\/li>\n<li>ASH<\/li>\n<\/ul>\n<hr class=\"wp-block-separator has-alpha-channel-opacity\"\/>\n<h4 class=\"wp-block-heading\">Stadt Eschwege<\/h4>\n<ul class=\"wp-block-list\">\n<li>Johannisfest (mehrere Jahre)<\/li>\n<li>Juz Eschwege Band Events (mehrere Jahre)<\/li>\n<li>Kleine Freiheit<\/li>\n<\/ul>\n<hr class=\"wp-block-separator has-alpha-channel-opacity\"\/>\n<h4 class=\"wp-block-heading\">Stadt Bad-Sooden-Allendorf<\/h4>\n<p class=\"has-medium-font-size\"><strong>Kongresszentrum Bad-Sooden-Allendorf<\/strong><\/p>\n<ul class=\"wp-block-list\">\n<li>2022.06 &#8211; Adel Tawil &#8211; Alles Lebt Tour<\/li>\n<li>2022.04 &#8211; Mallorca Party<\/li>\n<li>2019.09 &#8211; Max Giesinger<\/li>\n<li>2017.09 &#8211; Christina St\u00fcrmer<\/li>\n<\/ul>\n<hr class=\"wp-block-separator has-alpha-channel-opacity\"\/>\n<h4 class=\"wp-block-heading\">Stadt Bad Hersfeld<\/h4>\n<p>Bad Hersfelder Festspiele<\/p>\n<ul class=\"wp-block-list\">\n<li>2023 Yvonne Catterfeld Konzert<\/li>\n<\/ul>\n<hr class=\"wp-block-separator has-alpha-channel-opacity\"\/>\n<h4 class=\"wp-block-heading\">Stadt Witzenhausen<\/h4>\n<ul class=\"wp-block-list\">\n<li>2024 &#8211; Konzert Sommer 2024 &#8211; Jupiter Jones<\/li>\n<\/ul>\n<hr class=\"wp-block-separator has-alpha-channel-opacity\"\/>\n<h4 class=\"wp-block-heading\">twitch.tv Events<\/h4>\n<ul class=\"wp-block-list\">\n<li>2022.05 &#8211; <a href=\"https:\/\/www.twitch.tv\/vanessa_lopez_official\" data-type=\"URL\" data-id=\"https:\/\/www.twitch.tv\/vanessa_lopez_official\">Vanessa_Lopez_Official<\/a> &#8211; Com Party \/ Alpenmax G\u00f6ttingen<\/li>\n<\/ul>\n<hr class=\"wp-block-separator has-alpha-channel-opacity\"\/>\n<h4 class=\"wp-block-heading\">Messen<\/h4>\n<ul class=\"wp-block-list\">\n<li>Polaris Messe Hamburg 2024-2026<\/li>\n<li>MAG-C Erfurt 2024-2025<\/li>\n<li>Caggtus Leipzig 2025 &#8211;<\/li>\n<li>TwitchCon Rotterdam 2025<\/li>\n<li>Anime Festival Kassel<\/li>\n<\/ul>\n<hr class=\"wp-block-separator has-alpha-channel-opacity\"\/>\n","protected":false},"excerpt":{"rendered":"<p>Hier sehen Sie einen Auszug aus den Referenzen meiner Wenigkeit. Alle Referenz stammen von Events \/ Festivals \/ Partyfotografie oder Shootings. Bitte haben Sie Verst\u00e4ndnis daf\u00fcr, dass ich hier nicht alle meine Referenzen aufz\u00e4hlen kann. Festivals Disco \/ Events Stadt Sontra Stadt Eschwege Stadt Bad-Sooden-Allendorf Kongresszentrum Bad-Sooden-Allendorf Stadt Bad Hersfeld Bad Hersfelder Festspiele Stadt Witzenhausen [&hellip;]<\/p>\n","protected":false},"author":1,"featured_media":0,"parent":0,"menu_order":0,"comment_status":"closed","ping_status":"closed","template":"","meta":{"footnotes":""},"class_list":["post-644","page","type-page","status-publish","hentry"],"_links":{"self":[{"href":"https:\/\/www.tuvok.eu\/index.php?rest_route=\/wp\/v2\/pages\/644","targetHints":{"allow":["GET"]}}],"collection":[{"href":"https:\/\/www.tuvok.eu\/index.php?rest_route=\/wp\/v2\/pages"}],"about":[{"href":"https:\/\/www.tuvok.eu\/index.php?rest_route=\/wp\/v2\/types\/page"}],"author":[{"embeddable":true,"href":"https:\/\/www.tuvok.eu\/index.php?rest_route=\/wp\/v2\/users\/1"}],"replies":[{"embeddable":true,"href":"https:\/\/www.tuvok.eu\/index.php?rest_route=%2Fwp%2Fv2%2Fcomments&post=644"}],"version-history":[{"count":40,"href":"https:\/\/www.tuvok.eu\/index.php?rest_route=\/wp\/v2\/pages\/644\/revisions"}],"predecessor-version":[{"id":741,"href":"https:\/\/www.tuvok.eu\/index.php?rest_route=\/wp\/v2\/pages\/644\/revisions\/741"}],"wp:attachment":[{"href":"https:\/\/www.tuvok.eu\/index.php?rest_route=%2Fwp%2Fv2%2Fmedia&parent=644"}],"curies":[{"name":"wp","href":"https:\/\/api.w.org\/{rel}","templated":true}]}}