{"id":112,"date":"2015-11-28T15:03:04","date_gmt":"2015-11-28T14:03:04","guid":{"rendered":"https:\/\/www.tuvok.eu\/?page_id=112"},"modified":"2015-12-08T16:40:58","modified_gmt":"2015-12-08T15:40:58","slug":"about-me","status":"publish","type":"page","link":"https:\/\/www.tuvok.eu\/?page_id=112","title":{"rendered":"About Me"},"content":{"rendered":"<div id=\"fb-root\"><\/div>\n<p><a href=\"https:\/\/www.tuvok.eu\/wp-content\/uploads\/2015\/12\/IMG_0128_bearbeitet.jpg\"><img loading=\"lazy\" decoding=\"async\" class=\"alignleft\" src=\"https:\/\/www.tuvok.eu\/wp-content\/uploads\/2015\/12\/IMG_0128_bearbeitet.jpg\" alt=\"IMG_0128_bearbeitet\" width=\"159\" height=\"239\" \/><\/a>That`s all about Me an my Life<\/p>\n<p>Ihr wollt gern wissen wer ich bin,<br \/>\nwoher ich komme und was ich so tue?!<br \/>\nOkay, dann legen wir mal los&#8230;<\/p>\n<p>Ich bin am 27.06.1981 in Rotenburg an der Fulda im sch\u00f6nen Hessen geboren.<br \/>\nMeine Kindheit durfte ich im kleinen Luftkurort Sontra verbringen, in diesem ich auch heute noch sehr gerne verweile und mich wohl f\u00fchle. Ich mag die l\u00e4ndliche Luft, die Natur und das viele Gr\u00fcn drum herum, was sich auch durchaus gut f\u00fcr mein Hobby eignet.<\/p>\n<p>Nebenbei besch\u00e4ftige ich mich ein wenig mit meinem kleinen Linux Server, der sich in unserer Waschk\u00fcche breit gemacht hat. Ich spiele sehr viel am PC herum und experimentiere auch gerne mal. Und zwar so lange, bis nix mehr geht *g*.<br \/>\nAlte PC-Hardware interessiert mich auch sehr und ich freue mich immer, wenn ich alte Sachen wieder zum Leben erwecken kann, auch wenn das \u00f6fters mal an meine Nerven zerrt\u2026<\/p>\n<p>Ich bin froh, dass ich mich ein wenig mit der IT auskenne, denn dadurch habe ich die M\u00f6glichkeit, mein anderes gro\u00dfes Hobby besser wahrnehmen zu k\u00f6nnen.<\/p>\n<p>Die Fotografie hat mich seit meiner fr\u00fchsten Jugend in Ihren Bann gezogen. Dank meiner Ausbildung die ich begonnen hatte, konnte ich mir dann auch endlich eine einfache Kamera leisten, mit der ich auf unz\u00e4hligen Partys mein Unwesen treiben konnte. =)<\/p>\n<p>Wie viele meiner Kollegen, habe ich mich auch der Zeit angepasst und habe die Digitale Fotografie auch f\u00fcr mich gefunden. Schlie\u00dflich konnte ich mich dann mit einer Canon Ixus 75 in die neue sch\u00f6ne und spannende Welt begeben. Vor ein paar Jahren dann habe ich mich dazu entschlossen, meine kleine Kamera gegen eine Digitale Spiegelreflex Kamera einzutauschen. Im Laufe der Jahre habe ich mich zudem mit diversen Bildbearbeitungsprogrammen besch\u00e4ftigt, was mir hilft Fotos noch sch\u00f6ner zu gestalten und kleine Tricks anzuwenden, damit ich dem jeweiligen Foto das gewisse Etwas verpassen kann. Anfangs war die Fotografie nur ein kleines Hobby, was mich begeisterte. Jedoch entdeckte ich, dass sich das Interesse schnell zur Faszination bis hin zur Leidenschaft entwickelte.<\/p>\n<p>Meine Fotografien sind Werke, die ich f\u00fcr mich als kleine Weiterbildung sehe. Sie sind nicht Werke von Profis &amp; Co. sondern von Jemandem, der sein Hobby lebt und dieses auch weiter auf der amateurhaften Schiene ausleben wird und auf der Suche nach st\u00e4ndiger Verbesserung und neuer Erfahrung ist.<\/p>\n<p>Sollte ich mich mal nicht meiner Leidenschaft, der Fotografie besch\u00e4ftigen, arbeite ich nat\u00fcrlich nebenbei auch noch\u2026 =)<\/p>\n","protected":false},"excerpt":{"rendered":"<p>That`s all about Me an my Life Ihr wollt gern wissen wer ich bin, woher ich komme und was ich so tue?! Okay, dann legen wir mal los&#8230; Ich bin am 27.06.1981 in Rotenburg an der Fulda im sch\u00f6nen Hessen geboren. Meine Kindheit durfte ich im kleinen Luftkurort Sontra verbringen, in diesem ich auch heute [&hellip;]<\/p>\n","protected":false},"author":1,"featured_media":0,"parent":0,"menu_order":0,"comment_status":"closed","ping_status":"closed","template":"","meta":{"footnotes":""},"class_list":["post-112","page","type-page","status-publish","hentry"],"_links":{"self":[{"href":"https:\/\/www.tuvok.eu\/index.php?rest_route=\/wp\/v2\/pages\/112","targetHints":{"allow":["GET"]}}],"collection":[{"href":"https:\/\/www.tuvok.eu\/index.php?rest_route=\/wp\/v2\/pages"}],"about":[{"href":"https:\/\/www.tuvok.eu\/index.php?rest_route=\/wp\/v2\/types\/page"}],"author":[{"embeddable":true,"href":"https:\/\/www.tuvok.eu\/index.php?rest_route=\/wp\/v2\/users\/1"}],"replies":[{"embeddable":true,"href":"https:\/\/www.tuvok.eu\/index.php?rest_route=%2Fwp%2Fv2%2Fcomments&post=112"}],"version-history":[{"count":10,"href":"https:\/\/www.tuvok.eu\/index.php?rest_route=\/wp\/v2\/pages\/112\/revisions"}],"predecessor-version":[{"id":292,"href":"https:\/\/www.tuvok.eu\/index.php?rest_route=\/wp\/v2\/pages\/112\/revisions\/292"}],"wp:attachment":[{"href":"https:\/\/www.tuvok.eu\/index.php?rest_route=%2Fwp%2Fv2%2Fmedia&parent=112"}],"curies":[{"name":"wp","href":"https:\/\/api.w.org\/{rel}","templated":true}]}}